{"id":739,"date":"2024-09-15T19:17:28","date_gmt":"2024-09-15T19:17:28","guid":{"rendered":"https:\/\/vukovi.ba\/?page_id=739"},"modified":"2025-09-24T21:11:32","modified_gmt":"2025-09-24T21:11:32","slug":"pristupnica-copy","status":"publish","type":"page","link":"https:\/\/vukovi.ba\/?page_id=739","title":{"rendered":"\u0160kola Klizanja"},"content":{"rendered":"\t\t<div data-elementor-type=\"wp-page\" data-elementor-id=\"739\" class=\"elementor elementor-739\" data-elementor-post-type=\"page\">\n\t\t\t\t<div data-particle_enable=\"false\" data-particle-mobile-disabled=\"false\" class=\"elementor-element elementor-element-80d78e5 e-grid e-con-boxed e-con e-parent\" data-id=\"80d78e5\" data-element_type=\"container\">\n\t\t\t\t\t<div class=\"e-con-inner\">\n\t\t<div data-particle_enable=\"false\" data-particle-mobile-disabled=\"false\" class=\"elementor-element elementor-element-1c1efea e-con-full e-flex e-con e-child\" data-id=\"1c1efea\" data-element_type=\"container\">\n\t\t\t\t<div class=\"elementor-element elementor-element-2529fef elementor-widget elementor-widget-heading\" data-id=\"2529fef\" data-element_type=\"widget\" data-widget_type=\"heading.default\">\n\t\t\t\t\t<h1 class=\"elementor-heading-title elementor-size-default\">\u0160kola Klizanja<\/h1>\t\t\t\t<\/div>\n\t\t\t\t<\/div>\n\t\t\t\t\t<\/div>\n\t\t\t\t<\/div>\n\t\t<div data-particle_enable=\"false\" data-particle-mobile-disabled=\"false\" class=\"elementor-element elementor-element-8a2de39 e-flex e-con-boxed e-con e-parent\" data-id=\"8a2de39\" data-element_type=\"container\">\n\t\t\t\t\t<div class=\"e-con-inner\">\n\t\t<div data-particle_enable=\"false\" data-particle-mobile-disabled=\"false\" class=\"elementor-element elementor-element-4845893 e-con-full e-flex e-con e-child\" data-id=\"4845893\" data-element_type=\"container\">\n\t\t\t\t<div class=\"elementor-element elementor-element-1f5e03a elementor-widget elementor-widget-heading\" data-id=\"1f5e03a\" data-element_type=\"widget\" data-widget_type=\"heading.default\">\n\t\t\t\t\t<h2 class=\"elementor-heading-title elementor-size-default\">Prijavite se online:<\/h2>\t\t\t\t<\/div>\n\t\t\t\t<div class=\"elementor-element elementor-element-47451c0 elementor-widget elementor-widget-wpforms\" data-id=\"47451c0\" data-element_type=\"widget\" data-widget_type=\"wpforms.default\">\n\t\t\t\t<div class=\"elementor-widget-container\">\n\t\t\t\t\t<div class=\"wpforms-container wpforms-container-full wpforms-render-modern\" id=\"wpforms-735\"><form id=\"wpforms-form-735\" class=\"wpforms-validate wpforms-form wpforms-ajax-form\" data-formid=\"735\" method=\"post\" enctype=\"multipart\/form-data\" action=\"\/index.php?rest_route=%2Fwp%2Fv2%2Fpages%2F739\" data-token=\"c229813dd6fa496f60a955872677913c\" data-token-time=\"1777526970\"><noscript class=\"wpforms-error-noscript\">Please enable JavaScript in your browser to complete this form.<\/noscript><div id=\"wpforms-error-noscript\" style=\"display: none;\">Please enable JavaScript in your browser to complete this form.<\/div><div class=\"wpforms-field-container\"><div id=\"wpforms-735-field_1-container\" class=\"wpforms-field wpforms-field-text\" data-field-id=\"1\"><label class=\"wpforms-field-label\" for=\"wpforms-735-field_1\">Ime i prezime djeteta <span class=\"wpforms-required-label\" aria-hidden=\"true\">*<\/span><\/label><input type=\"text\" id=\"wpforms-735-field_1\" class=\"wpforms-field-medium wpforms-field-required\" name=\"wpforms[fields][1]\" aria-errormessage=\"wpforms-735-field_1-error\" required><\/div><div id=\"wpforms-735-field_4-container\" class=\"wpforms-field wpforms-field-text\" data-field-id=\"4\"><label class=\"wpforms-field-label\" for=\"wpforms-735-field_4\">Kontakt Telefon <span class=\"wpforms-required-label\" aria-hidden=\"true\">*<\/span><\/label><input type=\"text\" id=\"wpforms-735-field_4\" class=\"wpforms-field-medium wpforms-field-required\" name=\"wpforms[fields][4]\" aria-errormessage=\"wpforms-735-field_4-error\" required><\/div><div id=\"wpforms-735-field_5-container\" class=\"wpforms-field wpforms-field-email\" data-field-id=\"5\"><label class=\"wpforms-field-label\" for=\"wpforms-735-field_5\">Email<\/label><input type=\"email\" id=\"wpforms-735-field_5\" class=\"wpforms-field-medium\" name=\"wpforms[fields][5]\" spellcheck=\"false\" aria-errormessage=\"wpforms-735-field_5-error\" ><\/div><div id=\"wpforms-735-field_8-container\" class=\"wpforms-field wpforms-field-checkbox\" data-field-id=\"8\"><fieldset><legend class=\"wpforms-field-label\">Iskustvo u klizanju<\/legend><ul id=\"wpforms-735-field_8\" data-choice-limit=\"1\"><li class=\"choice-1 depth-1\"><input type=\"checkbox\" id=\"wpforms-735-field_8_1\" data-rule-check-limit=\"true\" name=\"wpforms[fields][8][]\" value=\"Po\u010detnik\" aria-errormessage=\"wpforms-735-field_8_1-error\"  ><label class=\"wpforms-field-label-inline\" for=\"wpforms-735-field_8_1\">Po\u010detnik<\/label><\/li><li class=\"choice-2 depth-1\"><input type=\"checkbox\" id=\"wpforms-735-field_8_2\" data-rule-check-limit=\"true\" name=\"wpforms[fields][8][]\" value=\"Srednji nivo\" aria-errormessage=\"wpforms-735-field_8_2-error\"  ><label class=\"wpforms-field-label-inline\" for=\"wpforms-735-field_8_2\">Srednji nivo<\/label><\/li><li class=\"choice-3 depth-1\"><input type=\"checkbox\" id=\"wpforms-735-field_8_3\" data-rule-check-limit=\"true\" name=\"wpforms[fields][8][]\" value=\"Napredni nivo\" aria-errormessage=\"wpforms-735-field_8_3-error\"  ><label class=\"wpforms-field-label-inline\" for=\"wpforms-735-field_8_3\">Napredni nivo<\/label><\/li><\/ul><\/fieldset><\/div><div id=\"wpforms-735-field_10-container\" class=\"wpforms-field wpforms-field-checkbox\" data-field-id=\"10\"><fieldset><legend class=\"wpforms-field-label\">Da li posjedujete vlastitu opremu za klizanje <span class=\"wpforms-required-label\" aria-hidden=\"true\">*<\/span><\/legend><ul id=\"wpforms-735-field_10\" class=\"wpforms-field-required\" data-choice-limit=\"1\"><li class=\"choice-1 depth-1\"><input type=\"checkbox\" id=\"wpforms-735-field_10_1\" data-rule-check-limit=\"true\" name=\"wpforms[fields][10][]\" value=\"Da\" aria-errormessage=\"wpforms-735-field_10_1-error\" required ><label class=\"wpforms-field-label-inline\" for=\"wpforms-735-field_10_1\">Da<\/label><\/li><li class=\"choice-2 depth-1\"><input type=\"checkbox\" id=\"wpforms-735-field_10_2\" data-rule-check-limit=\"true\" name=\"wpforms[fields][10][]\" value=\"Ne\" aria-errormessage=\"wpforms-735-field_10_2-error\" required ><label class=\"wpforms-field-label-inline\" for=\"wpforms-735-field_10_2\">Ne<\/label><\/li><\/ul><\/fieldset><\/div><div id=\"wpforms-735-field_12-container\" class=\"wpforms-field wpforms-field-checkbox\" data-field-id=\"12\"><fieldset><legend class=\"wpforms-field-label\">Ako je odgovor na prethodno pitanje bio &quot;da&quot;, molimo vas da ozna\u010dite koju od slijede\u0107e obavezne opreme posjedujete:<\/legend><ul id=\"wpforms-735-field_12\"><li class=\"choice-1 depth-1\"><input type=\"checkbox\" id=\"wpforms-735-field_12_1\" name=\"wpforms[fields][12][]\" value=\"Klizaljke\" aria-errormessage=\"wpforms-735-field_12_1-error\"  ><label class=\"wpforms-field-label-inline\" for=\"wpforms-735-field_12_1\">Klizaljke<\/label><\/li><li class=\"choice-2 depth-1\"><input type=\"checkbox\" id=\"wpforms-735-field_12_2\" name=\"wpforms[fields][12][]\" value=\"Kaciga\" aria-errormessage=\"wpforms-735-field_12_2-error\"  ><label class=\"wpforms-field-label-inline\" for=\"wpforms-735-field_12_2\">Kaciga<\/label><\/li><\/ul><\/fieldset><\/div><div id=\"wpforms-735-field_13-container\" class=\"wpforms-field wpforms-field-text\" data-field-id=\"13\"><label class=\"wpforms-field-label\" for=\"wpforms-735-field_13\">Ako ne posjedujete klizaljke, molimo vas da navedete potrebnu veli\u010dinu:<\/label><input type=\"text\" id=\"wpforms-735-field_13\" class=\"wpforms-field-medium\" name=\"wpforms[fields][13]\" aria-errormessage=\"wpforms-735-field_13-error\" ><\/div><div id=\"wpforms-735-field_14-container\" class=\"wpforms-field wpforms-field-checkbox\" data-field-id=\"14\"><fieldset><legend class=\"wpforms-field-label\">Ako ne posjedujete kacigu, molimo vas da navedete potrebnu veli\u010dinu<\/legend><ul id=\"wpforms-735-field_14\" data-choice-limit=\"1\"><li class=\"choice-1 depth-1\"><input type=\"checkbox\" id=\"wpforms-735-field_14_1\" data-rule-check-limit=\"true\" name=\"wpforms[fields][14][]\" value=\"S\" aria-errormessage=\"wpforms-735-field_14_1-error\"  ><label class=\"wpforms-field-label-inline\" for=\"wpforms-735-field_14_1\">S<\/label><\/li><li class=\"choice-2 depth-1\"><input type=\"checkbox\" id=\"wpforms-735-field_14_2\" data-rule-check-limit=\"true\" name=\"wpforms[fields][14][]\" value=\"M\" aria-errormessage=\"wpforms-735-field_14_2-error\"  ><label class=\"wpforms-field-label-inline\" for=\"wpforms-735-field_14_2\">M<\/label><\/li><li class=\"choice-3 depth-1\"><input type=\"checkbox\" id=\"wpforms-735-field_14_3\" data-rule-check-limit=\"true\" name=\"wpforms[fields][14][]\" value=\"L\" aria-errormessage=\"wpforms-735-field_14_3-error\"  ><label class=\"wpforms-field-label-inline\" for=\"wpforms-735-field_14_3\">L<\/label><\/li><\/ul><\/fieldset><\/div><div id=\"wpforms-735-field_16-container\" class=\"wpforms-field wpforms-field-checkbox\" data-field-id=\"16\"><fieldset><legend class=\"wpforms-field-label\">Ciklus na koji se prijavljujem: <span class=\"wpforms-required-label\" aria-hidden=\"true\">*<\/span><\/legend><ul id=\"wpforms-735-field_16\" class=\"wpforms-field-required\" data-choice-limit=\"1\"><li class=\"choice-6 depth-1\"><input type=\"checkbox\" id=\"wpforms-735-field_16_6\" data-rule-check-limit=\"true\" name=\"wpforms[fields][16][]\" value=\"CIKLUS 12: 2.3.-13.3. 2026.\" aria-errormessage=\"wpforms-735-field_16_6-error\" required ><label class=\"wpforms-field-label-inline\" for=\"wpforms-735-field_16_6\">CIKLUS 12: 2.3.-13.3. 2026.<\/label><\/li><li class=\"choice-7 depth-1\"><input type=\"checkbox\" id=\"wpforms-735-field_16_7\" data-rule-check-limit=\"true\" name=\"wpforms[fields][16][]\" value=\"CIKLUS 13: 16.3.-27.3. 2026.\" aria-errormessage=\"wpforms-735-field_16_7-error\" required ><label class=\"wpforms-field-label-inline\" for=\"wpforms-735-field_16_7\">CIKLUS 13: 16.3.-27.3. 2026.<\/label><\/li><\/ul><\/fieldset><\/div><div id=\"wpforms-735-field_15-container\" class=\"wpforms-field wpforms-field-textarea\" data-field-id=\"15\"><label class=\"wpforms-field-label\" for=\"wpforms-735-field_15\">Da li va\u0161e dijete ima zdrastvene probleme ili povrede za koje trebamo znati prije po\u010detka \u0161kole klizanja. Ako da, molimo vas da pojasnite ispod:<\/label><textarea id=\"wpforms-735-field_15\" class=\"wpforms-field-medium\" name=\"wpforms[fields][15]\" aria-errormessage=\"wpforms-735-field_15-error\" ><\/textarea><\/div>\t\t<div id=\"wpforms-735-field_2-container\"\n\t\t\tclass=\"wpforms-field wpforms-field-text\"\n\t\t\tdata-field-type=\"text\"\n\t\t\tdata-field-id=\"2\"\n\t\t\t>\n\t\t\t<label class=\"wpforms-field-label\" for=\"wpforms-735-field_2\" >opremu klizanje ne<\/label>\n\t\t\t<input type=\"text\" id=\"wpforms-735-field_2\" class=\"wpforms-field-medium\" name=\"wpforms[fields][2]\" >\n\t\t<\/div>\n\t\t<div id=\"wpforms-735-field_17-container\" class=\"wpforms-field wpforms-field-textarea\" data-field-id=\"17\"><label class=\"wpforms-field-label\" for=\"wpforms-735-field_17\">Dodatne Napomene:<\/label><textarea id=\"wpforms-735-field_17\" class=\"wpforms-field-medium\" name=\"wpforms[fields][17]\" aria-errormessage=\"wpforms-735-field_17-error\" ><\/textarea><\/div><script>\n\t\t\t\t( function() {\n\t\t\t\t\tconst style = document.createElement( 'style' );\n\t\t\t\t\tstyle.appendChild( document.createTextNode( '#wpforms-735-field_2-container { position: absolute !important; overflow: hidden !important; display: inline !important; height: 1px !important; width: 1px !important; z-index: -1000 !important; padding: 0 !important; } #wpforms-735-field_2-container input { visibility: hidden; } #wpforms-conversational-form-page #wpforms-735-field_2-container label { counter-increment: none; }' ) );\n\t\t\t\t\tdocument.head.appendChild( style );\n\t\t\t\t\tdocument.currentScript?.remove();\n\t\t\t\t} )();\n\t\t\t<\/script><\/div><!-- .wpforms-field-container --><div class=\"wpforms-submit-container\" ><input type=\"hidden\" name=\"wpforms[id]\" value=\"735\"><input type=\"hidden\" name=\"page_title\" value=\"\"><input type=\"hidden\" name=\"page_url\" value=\"https:\/\/vukovi.ba\/index.php?rest_route=\/wp\/v2\/pages\/739\"><input type=\"hidden\" name=\"url_referer\" value=\"\"><button type=\"submit\" name=\"wpforms[submit]\" id=\"wpforms-submit-735\" class=\"wpforms-submit\" data-alt-text=\"Sending...\" data-submit-text=\"Prijavi se\" aria-live=\"assertive\" value=\"wpforms-submit\">Prijavi se<\/button><img decoding=\"async\" src=\"https:\/\/vukovi.ba\/wp-content\/plugins\/wpforms-lite\/assets\/images\/submit-spin.svg\" class=\"wpforms-submit-spinner\" style=\"display: none;\" width=\"26\" height=\"26\" alt=\"Loading\"><\/div><\/form><\/div>  <!-- .wpforms-container -->\t\t\t\t<\/div>\n\t\t\t\t<\/div>\n\t\t\t\t<\/div>\n\t\t<div data-particle_enable=\"false\" data-particle-mobile-disabled=\"false\" class=\"elementor-element elementor-element-8dc447f e-con-full e-flex e-con e-child\" data-id=\"8dc447f\" data-element_type=\"container\">\n\t\t\t\t<div class=\"elementor-element elementor-element-6d4f3d3 elementor-widget elementor-widget-text-editor\" data-id=\"6d4f3d3\" data-element_type=\"widget\" data-widget_type=\"text-editor.default\">\n\t\t\t\t\t\t\t\t\t<h2>Informacije o \u0161koli klizanja<\/h2><p>Hokeja\u0161ki klub Vukovi Sarajevo za sve mali\u0161ane ( 4-12.g.) , ve\u0107 tradicionalno, organizuje \u0161kolu klizanja i hokeja.<\/p><p>Dobrodo\u0161li u na\u0161u \u0161kolu klizanja i hokeja! Ovdje \u0107e svaka avantura na ledu postati nezaboravna! Bilo da sanjate o klizanju kao profesionalac ili \u017eelite postati pravi hokeja\u0161, na\u0161i iskusni treneri su tu da vas vode kroz svaki korak. U na\u0161em programu nau\u010dit \u0107ete osnove klizanja, a po \u017eelji i tehnike hokeja, naravno, zabavljaju\u0107i se sa svojim prijateljima na ledu.<\/p><p>Klizanje i hokej razvijaju koordinaciju, snagu i timski duh, a uz puno igara i smijeha, svaka lekcija \u0107e biti prava radost! Pridru\u017eite nam se i otkrijte svijet ovog uzbudljivog, ledenog sporta, gdje svaka sekunda donosi novu priliku za zabavu i u\u010denje.<\/p><p>Klizanje je vi\u0161e od sporta \u2013 to je stil \u017eivota!<\/p><p>\u010cekamo vas na ledu!<\/p><h2>\u010cesta pitanja i odgovori<\/h2><h2><strong style=\"font-size: 16px;\">Koji su uvjeti za upis u \u0161kolu klizanja?<\/strong><\/h2><p>Upis u \u0161kolu klizanja obi\u010dno zahtijeva osnovne informacije o polazniku kao \u0161to su ime, datum ro\u0111enja i kontakt podaci (forma lijevo). Tako\u0111er, trebali bismo znati trenutno stanje vje\u0161tina klizanja i eventualne zdravstvene probleme. Za po\u010detnike nije potrebno prethodno iskustvo u klizanju.<\/p><p><strong>Koliko \u010desto i koliko dugo traju lekcije?<\/strong><\/p><p>Lekcije su koncipirane u vidu intenzivnog kursa u trajanju od dvije sedmice (jedan ciklus). U sklopu ciklusa je uklju\u010deno 6 (\u0161est) \u010dasova klizanja u trajanju od po sat vremena, tj. 3 (tri sata sedmi\u010dno), prema rasporedu:<\/p><p>PON-SRI-PET 18:45-19:45<\/p><p><strong>Gdje se nalazi i kako do\u0107i do klizali\u0161ta?<\/strong><\/p><p>Klizali\u0161te HK Vukovi se nalazi u krugu Olimpijske dvorane Juan Antonio Samaranch (Zetra).<\/p><p>Google maps <a href=\"https:\/\/shorturl.at\/blKhk\">link<\/a> ta\u010dne lokacije klizali\u0161ta.\u00a0<\/p><p><strong>Na koji ciklus se mogu prijaviti?<\/strong><\/p><p>Dostupni ciklusi za prijavu su ponu\u0111eni u formularu.\u00a0<\/p><p><strong>Koju opremu trebam za \u0161kolu klizanja?<\/strong><\/p><p>Osnovna oprema uklju\u010duje klizaljke i kacigu. Ako nemate svoju opremu nazna\u010dite u prijavnom formularu i bit \u0107e spremna za Va\u0161e dijete.<\/p><p>Pored osnovne opreme obavezno je da dijete ima skija\u0161ke rukavice, a savjetuje se no\u0161enje skafandera i bo\u010dice za vodu.<\/p><p>Po \u017eelji mo\u017eete ponijeti \u0161titnike za koljena.<\/p><p><em>NAPOMENA: Kad je rije\u010d o li\u010dnoj kacigi, isklju\u010divo se, iz sigurnosnih razloga, prihvata skija\u0161ka kaciga.<\/em><\/p><p><strong>Kako se odre\u0111uje nivo vje\u0161tina?<\/strong><\/p><p>Nivo vje\u0161tina se obi\u010dno odre\u0111uje putem procjene koja se provodi na prvom satu ili tokom prvih nekoliko sati. Instruktori \u0107e ocijeniti va\u0161e trenutne vje\u0161tine i prilagoditi vje\u017ebe potrebnom nivou znanja Va\u0161eg djeteta.<\/p><p><strong>Koje su cijene i kako se vr\u0161i uplata?<\/strong><\/p><p>Cijena ciklusa od 6 (\u0161est) sati na ledu tokom dvije sedmice za Va\u0161e dijete iznosi 80 KM (osamdeset). Uplata se vr\u0161i gotovinski na po\u010detku ciklusa kod ovla\u0161tene osobe ispred kluba ili na \u017eiralni ra\u010dun kluba, elektronski.<\/p><p><strong>\u0160to ako propustim lekciju?<\/strong><\/p><p>Cilj ovog intenzivnog kursa klizanja jeste kontinuitet, te ne na\u0161a \u0161kola ne ohrabruje izostanke u okviru ciklusa, te bi Vas zamolili da ozbiljno pristupite poha\u0111anju nastave. U slu\u010daju da iz opravdanih razloga unaprijed znate da ne\u0107ete mo\u0107i ispo\u0161tovati termine molim Vas da nas pri upisu obavijestite kako bi smo na\u0161li najbolje mogu\u0107e rje\u0161enje za mali\u0161ane.<\/p><p><strong>Postoji li mogu\u0107nosti za napredovanje?<\/strong><\/p><p>Da, \u0161kola klizanja nudi razli\u010dite programe koji omogu\u0107uju napredovanje kroz razli\u010dite nivoe vje\u0161tina. Nakon zavr\u0161etka jednog nivoa, mo\u017eete se prijaviti za naprednije programe ili specijalizirane treninge.<\/p><p><strong>\u0160to ako imam posebne zdravstvene ili sigurnosne potrebe?<\/strong><\/p><p>Ako imate specifi\u010dne zdravstvene ili sigurnosne potrebe, molimo vas da nas obavijestite prije po\u010detka programa. Na\u0161i instruktori i osoblje \u0107e u\u010diniti sve \u0161to mogu kako bi osigurali sigurnost i udobnost svih polaznika.<\/p><p><strong>Kako se mogu pripremiti za prve lekcije?<\/strong><\/p><p>Preporu\u010dujemo da polaznik do\u0111e na lekciju u udobnom skafanderu i skija\u0161kim rukavicama. Kaciga je obavezna i prihvata se isklju\u010divo skija\u0161ka, ako ne posjedujete nazna\u010dite u formularu i osoblje \u0107e Vam omogu\u0107iti kacigu za Va\u0161e dijete. Kao \u0161to je rije\u010d o kacigi isto tako i klizaljke ako posjedujte donosite sa sobom, a u suprotnom molimo da nazna\u010dite na formularu i \u0161kola \u0107e Va\u0161em mali\u0161anu omogu\u0107iti odgovaraju\u0107i par klizaljki.<\/p><p><em>Napomena: Dolazak na prvi termin ciklusa je obavezan 30 minuta ranije, a na svaki sljede\u0107i se preporu\u010duje minimalno 15 minuta ranije kako bi polaznik bio spreman na vrijeme za po\u010detak \u010dasa.<\/em><\/p><p><strong>Mogu li posjetiti \u0161kolu klizanja prije upisa?<\/strong><\/p><p>Da, mo\u017eete do\u0107i na lokaciju odr\u017eavanja tekom ciklusa koji predhodi Va\u0161em u datim terminima prema rasporedu da se upoznate sa okolinom.<\/p><p><strong>\u0160to ako \u017eelim razgovarati s instruktorom prije upisa?<\/strong><\/p><p>Rado \u0107emo vam omogu\u0107iti razgovor s instruktorom prije upisa. Kontaktirajte nas kroz prijavni formular, na putem email-a skolaklizanja@vukovi.ba ili jednostavno posjetite \u0161kolu klizanja prije upisa u ve\u0107 poznatim terminima.<\/p><p><strong>Kako mogu kontaktirati \u0161kolu klizanja?<\/strong><\/p><p>Mo\u017eete nas kontaktirati putem emaila skolaklizanja@vukovi.ba ili posjetiti u nazna\u010denim terminima.<\/p><p><strong>Kako mogu izvr\u0161iti uplatu za \u0161kolu klizanja?<\/strong><\/p><p>Uputstvo za uplatu:<br \/><strong>Primatelj:<\/strong> HK Vukovi Sarajevo, Mustafe Dovad\u017eije 15, 71000 Sarajevo<br \/><strong>Svrha:<\/strong> \u0160kola klizanja (ciklus __) &#8211; Ime i prezime polaznika<br \/><strong>Iznos:<\/strong> 80 KM<br \/><strong>Ra\u010dun primatelja:<\/strong> 1610000041570040<\/p><p><strong>Postoji li mogu\u0107nost gotovinske uplate?<\/strong><\/p><p>Da, u slu\u010daju da Vam vi\u0161e odgovara gotovinsko pla\u0107anje, uplata se mo\u017ee izvr\u0161iti na licu mjesta prilikom registracije i preuzimanja opreme, a najdalje na drugom \u010dasu ciklusa.<\/p><p><strong>Da li postoji olak\u0161ica u pla\u0107anju ako \u0161kolu klizanja poha\u0111a vi\u0161e djece iz istog ku\u0107anstva?<\/strong><\/p><p>Da, prvo dijete pla\u0107a puni iznos od 80KM, a svako naredno ciklus pla\u0107a 60KM.<\/p><p><strong>Kada po\u010dinje \u0161kola klizanaja u sezoni 2025-26?<\/strong><\/p><p>\u0160kola klizanja po\u010dinje sa radom 29.9.2025 u terminu 18:45-19:45<\/p>\t\t\t\t\t\t\t\t<\/div>\n\t\t\t\t<\/div>\n\t\t\t\t\t<\/div>\n\t\t\t\t<\/div>\n\t\t\t\t<\/div>\n\t\t","protected":false},"excerpt":{"rendered":"<p>Prijavite se online: Please enable JavaScript in your browser to complete this form.Please enable JavaScript in your browser to complete this form.Ime i prezime djeteta *Kontakt Telefon *Email Iskustvo u klizanju Po\u010detnik Srednji nivo Napredni nivo Da li posjedujete vlastitu opremu za klizanje * Da Ne Ako je odgovor na prethodno pitanje bio &quot;da&quot;, molimo [&hellip;]<\/p>\n","protected":false},"author":1,"featured_media":0,"parent":0,"menu_order":0,"comment_status":"closed","ping_status":"closed","template":"","meta":{"footnotes":""},"class_list":["post-739","page","type-page","status-publish","hentry"],"_links":{"self":[{"href":"https:\/\/vukovi.ba\/index.php?rest_route=\/wp\/v2\/pages\/739","targetHints":{"allow":["GET"]}}],"collection":[{"href":"https:\/\/vukovi.ba\/index.php?rest_route=\/wp\/v2\/pages"}],"about":[{"href":"https:\/\/vukovi.ba\/index.php?rest_route=\/wp\/v2\/types\/page"}],"author":[{"embeddable":true,"href":"https:\/\/vukovi.ba\/index.php?rest_route=\/wp\/v2\/users\/1"}],"replies":[{"embeddable":true,"href":"https:\/\/vukovi.ba\/index.php?rest_route=%2Fwp%2Fv2%2Fcomments&post=739"}],"version-history":[{"count":45,"href":"https:\/\/vukovi.ba\/index.php?rest_route=\/wp\/v2\/pages\/739\/revisions"}],"predecessor-version":[{"id":1111,"href":"https:\/\/vukovi.ba\/index.php?rest_route=\/wp\/v2\/pages\/739\/revisions\/1111"}],"wp:attachment":[{"href":"https:\/\/vukovi.ba\/index.php?rest_route=%2Fwp%2Fv2%2Fmedia&parent=739"}],"curies":[{"name":"wp","href":"https:\/\/api.w.org\/{rel}","templated":true}]}}