{"id":644,"date":"2024-09-09T17:13:04","date_gmt":"2024-09-09T17:13:04","guid":{"rendered":"https:\/\/vukovi.ba\/?page_id=644"},"modified":"2024-09-09T17:26:18","modified_gmt":"2024-09-09T17:26:18","slug":"u18","status":"publish","type":"page","link":"https:\/\/vukovi.ba\/?page_id=644","title":{"rendered":"U18"},"content":{"rendered":"\t\t<div data-elementor-type=\"wp-page\" data-elementor-id=\"644\" class=\"elementor elementor-644\" data-elementor-post-type=\"page\">\n\t\t\t\t<div data-particle_enable=\"false\" data-particle-mobile-disabled=\"false\" class=\"elementor-element elementor-element-de884f5 e-flex e-con-boxed e-con e-parent\" data-id=\"de884f5\" data-element_type=\"container\">\n\t\t\t\t\t<div class=\"e-con-inner\">\n\t\t\t\t<div class=\"elementor-element elementor-element-ec47999 elementor-widget elementor-widget-image\" data-id=\"ec47999\" data-element_type=\"widget\" data-widget_type=\"image.default\">\n\t\t\t\t\t\t\t\t\t\t\t\t\t\t\t<img fetchpriority=\"high\" decoding=\"async\" width=\"640\" height=\"471\" src=\"https:\/\/vukovi.ba\/wp-content\/uploads\/2024\/09\/640px-PortageLakeHC1904.jpg\" class=\"attachment-large size-large wp-image-611\" alt=\"\" srcset=\"https:\/\/vukovi.ba\/wp-content\/uploads\/2024\/09\/640px-PortageLakeHC1904.jpg 640w, https:\/\/vukovi.ba\/wp-content\/uploads\/2024\/09\/640px-PortageLakeHC1904-300x221.jpg 300w\" sizes=\"(max-width: 640px) 100vw, 640px\" \/>\t\t\t\t\t\t\t\t\t\t\t\t\t\t\t<\/div>\n\t\t\t\t<div class=\"elementor-element elementor-element-1edc0d6 elementor-widget elementor-widget-text-editor\" data-id=\"1edc0d6\" data-element_type=\"widget\" data-widget_type=\"text-editor.default\">\n\t\t\t\t\t\t\t\t\t<ul>\n<li>Arman <b>BAJRAMOVI\u0106<\/b><\/li><li>Ena <b>NIKOLI\u0106<\/b><\/li><li>Marko <b>DRAGI\u0106<\/b><\/li><li>Dani <b>DRNDA<\/b><\/li><li>Mak <b>MEZET<\/b><\/li><li>Omar <b>SMAJLOVI\u0106<\/b><\/li><li>Ali <b>MULABEGOVI\u0106<\/b><\/li><li>Nihad <b>\u0160EHALI\u0106<\/b><\/li><li>Ahmed <b>ZUBANOVI\u0106<\/b><\/li><li>Eren <b>BURAZEROVI\u0106<\/b><\/li><li>Mak <b>DIZDAREVI\u0106<\/b><\/li><li>Kio <b>MINGASSON<\/b><\/li><li>Stefan <b>KORONJA<\/b><\/li><li>Kristijan <b>KORONJA<\/b><\/li><li>Amar <b>\u010cOLI\u0106<\/b><\/li><li>Malik <b>\u010cUR\u010cI\u0106<\/b><br><\/li><li>Tarik <b>DERVI\u0160BEGOVI\u0106<\/b><\/li>\n<\/ul>\t\t\t\t\t\t\t\t<\/div>\n\t\t\t\t\t<\/div>\n\t\t\t\t<\/div>\n\t\t\t\t<\/div>\n\t\t","protected":false},"excerpt":{"rendered":"<p>Arman BAJRAMOVI\u0106 Ena NIKOLI\u0106 Marko DRAGI\u0106 Dani DRNDA Mak MEZET Omar SMAJLOVI\u0106 Ali MULABEGOVI\u0106 Nihad \u0160EHALI\u0106 Ahmed ZUBANOVI\u0106 Eren BURAZEROVI\u0106 Mak DIZDAREVI\u0106 Kio MINGASSON Stefan KORONJA Kristijan KORONJA Amar \u010cOLI\u0106 Malik \u010cUR\u010cI\u0106 Tarik DERVI\u0160BEGOVI\u0106<\/p>\n","protected":false},"author":1,"featured_media":0,"parent":0,"menu_order":0,"comment_status":"closed","ping_status":"closed","template":"","meta":{"footnotes":""},"class_list":["post-644","page","type-page","status-publish","hentry"],"_links":{"self":[{"href":"https:\/\/vukovi.ba\/index.php?rest_route=\/wp\/v2\/pages\/644","targetHints":{"allow":["GET"]}}],"collection":[{"href":"https:\/\/vukovi.ba\/index.php?rest_route=\/wp\/v2\/pages"}],"about":[{"href":"https:\/\/vukovi.ba\/index.php?rest_route=\/wp\/v2\/types\/page"}],"author":[{"embeddable":true,"href":"https:\/\/vukovi.ba\/index.php?rest_route=\/wp\/v2\/users\/1"}],"replies":[{"embeddable":true,"href":"https:\/\/vukovi.ba\/index.php?rest_route=%2Fwp%2Fv2%2Fcomments&post=644"}],"version-history":[{"count":6,"href":"https:\/\/vukovi.ba\/index.php?rest_route=\/wp\/v2\/pages\/644\/revisions"}],"predecessor-version":[{"id":686,"href":"https:\/\/vukovi.ba\/index.php?rest_route=\/wp\/v2\/pages\/644\/revisions\/686"}],"wp:attachment":[{"href":"https:\/\/vukovi.ba\/index.php?rest_route=%2Fwp%2Fv2%2Fmedia&parent=644"}],"curies":[{"name":"wp","href":"https:\/\/api.w.org\/{rel}","templated":true}]}}