{"id":633,"date":"2024-09-09T17:06:44","date_gmt":"2024-09-09T17:06:44","guid":{"rendered":"https:\/\/vukovi.ba\/?page_id=633"},"modified":"2024-10-06T11:59:25","modified_gmt":"2024-10-06T11:59:25","slug":"u13","status":"publish","type":"page","link":"https:\/\/vukovi.ba\/?page_id=633","title":{"rendered":"U13"},"content":{"rendered":"\t\t<div data-elementor-type=\"wp-page\" data-elementor-id=\"633\" class=\"elementor elementor-633\" data-elementor-post-type=\"page\">\n\t\t\t\t<div data-particle_enable=\"false\" data-particle-mobile-disabled=\"false\" class=\"elementor-element elementor-element-de884f5 e-flex e-con-boxed e-con e-parent\" data-id=\"de884f5\" data-element_type=\"container\">\n\t\t\t\t\t<div class=\"e-con-inner\">\n\t\t\t\t<div class=\"elementor-element elementor-element-ec47999 elementor-widget elementor-widget-image\" data-id=\"ec47999\" data-element_type=\"widget\" data-widget_type=\"image.default\">\n\t\t\t\t\t\t\t\t\t\t\t\t\t\t\t<img fetchpriority=\"high\" decoding=\"async\" width=\"800\" height=\"439\" src=\"https:\/\/vukovi.ba\/wp-content\/uploads\/2024\/10\/u13-1024x562.jpg\" class=\"attachment-large size-large wp-image-1034\" alt=\"\" srcset=\"https:\/\/vukovi.ba\/wp-content\/uploads\/2024\/10\/u13-1024x562.jpg 1024w, https:\/\/vukovi.ba\/wp-content\/uploads\/2024\/10\/u13-300x165.jpg 300w, https:\/\/vukovi.ba\/wp-content\/uploads\/2024\/10\/u13-768x421.jpg 768w, https:\/\/vukovi.ba\/wp-content\/uploads\/2024\/10\/u13-1536x843.jpg 1536w, https:\/\/vukovi.ba\/wp-content\/uploads\/2024\/10\/u13.jpg 1600w\" sizes=\"(max-width: 800px) 100vw, 800px\" \/>\t\t\t\t\t\t\t\t\t\t\t\t\t\t\t<\/div>\n\t\t\t\t<div class=\"elementor-element elementor-element-1edc0d6 elementor-widget elementor-widget-text-editor\" data-id=\"1edc0d6\" data-element_type=\"widget\" data-widget_type=\"text-editor.default\">\n\t\t\t\t\t\t\t\t\t<ul><li>Kerim <strong>ZUB\u010cEVI\u0106<br \/><\/strong><\/li><li>Faris <strong>HUSEINBEGOVI\u0106<\/strong><\/li><li>Tarik <strong>HUSEJNOVI\u0106<\/strong><\/li><li>Atila <strong>LICENDER<\/strong><\/li><li>Harun <strong>OMERAGI\u0106<\/strong><\/li><li>Harun <strong>HOD\u017dI\u0106<\/strong><\/li><li>Ishak <strong>SEFEROVI\u0106<\/strong><\/li><li>Jusuf <strong>SILAJD\u017dI\u0106<\/strong><\/li><li>Timur <b>\u0160ABI\u0106<\/b><\/li><li>Viggo <strong>LONDON<\/strong><\/li><li>Boran <b>DO\u0160I\u0106<\/b><\/li><li>Rijad <b>\u010cENGI\u0106<\/b><\/li><li>Ismail <b>KUKULJAC<\/b><\/li><li>Jo\u0161ua <b>SILAJD\u017dI\u0106<\/b><\/li><\/ul>\t\t\t\t\t\t\t\t<\/div>\n\t\t\t\t\t<\/div>\n\t\t\t\t<\/div>\n\t\t\t\t<\/div>\n\t\t","protected":false},"excerpt":{"rendered":"<p>Kerim ZUB\u010cEVI\u0106 Faris HUSEINBEGOVI\u0106 Tarik HUSEJNOVI\u0106 Atila LICENDER Harun OMERAGI\u0106 Harun HOD\u017dI\u0106 Ishak SEFEROVI\u0106 Jusuf SILAJD\u017dI\u0106 Timur \u0160ABI\u0106 Viggo LONDON Boran DO\u0160I\u0106 Rijad \u010cENGI\u0106 Ismail KUKULJAC Jo\u0161ua SILAJD\u017dI\u0106<\/p>\n","protected":false},"author":1,"featured_media":0,"parent":0,"menu_order":0,"comment_status":"closed","ping_status":"closed","template":"","meta":{"footnotes":""},"class_list":["post-633","page","type-page","status-publish","hentry"],"_links":{"self":[{"href":"https:\/\/vukovi.ba\/index.php?rest_route=\/wp\/v2\/pages\/633","targetHints":{"allow":["GET"]}}],"collection":[{"href":"https:\/\/vukovi.ba\/index.php?rest_route=\/wp\/v2\/pages"}],"about":[{"href":"https:\/\/vukovi.ba\/index.php?rest_route=\/wp\/v2\/types\/page"}],"author":[{"embeddable":true,"href":"https:\/\/vukovi.ba\/index.php?rest_route=\/wp\/v2\/users\/1"}],"replies":[{"embeddable":true,"href":"https:\/\/vukovi.ba\/index.php?rest_route=%2Fwp%2Fv2%2Fcomments&post=633"}],"version-history":[{"count":9,"href":"https:\/\/vukovi.ba\/index.php?rest_route=\/wp\/v2\/pages\/633\/revisions"}],"predecessor-version":[{"id":1050,"href":"https:\/\/vukovi.ba\/index.php?rest_route=\/wp\/v2\/pages\/633\/revisions\/1050"}],"wp:attachment":[{"href":"https:\/\/vukovi.ba\/index.php?rest_route=%2Fwp%2Fv2%2Fmedia&parent=633"}],"curies":[{"name":"wp","href":"https:\/\/api.w.org\/{rel}","templated":true}]}}