{"id":629,"date":"2024-09-09T17:04:47","date_gmt":"2024-09-09T17:04:47","guid":{"rendered":"https:\/\/vukovi.ba\/?page_id=629"},"modified":"2024-09-09T17:25:02","modified_gmt":"2024-09-09T17:25:02","slug":"u9","status":"publish","type":"page","link":"https:\/\/vukovi.ba\/?page_id=629","title":{"rendered":"U9"},"content":{"rendered":"\t\t<div data-elementor-type=\"wp-page\" data-elementor-id=\"629\" class=\"elementor elementor-629\" data-elementor-post-type=\"page\">\n\t\t\t\t<div data-particle_enable=\"false\" data-particle-mobile-disabled=\"false\" class=\"elementor-element elementor-element-de884f5 e-flex e-con-boxed e-con e-parent\" data-id=\"de884f5\" data-element_type=\"container\">\n\t\t\t\t\t<div class=\"e-con-inner\">\n\t\t\t\t<div class=\"elementor-element elementor-element-ec47999 elementor-widget elementor-widget-image\" data-id=\"ec47999\" data-element_type=\"widget\" data-widget_type=\"image.default\">\n\t\t\t\t\t\t\t\t\t\t\t\t\t\t\t<img fetchpriority=\"high\" decoding=\"async\" width=\"640\" height=\"471\" src=\"https:\/\/vukovi.ba\/wp-content\/uploads\/2024\/09\/640px-PortageLakeHC1904.jpg\" class=\"attachment-large size-large wp-image-611\" alt=\"\" srcset=\"https:\/\/vukovi.ba\/wp-content\/uploads\/2024\/09\/640px-PortageLakeHC1904.jpg 640w, https:\/\/vukovi.ba\/wp-content\/uploads\/2024\/09\/640px-PortageLakeHC1904-300x221.jpg 300w\" sizes=\"(max-width: 640px) 100vw, 640px\" \/>\t\t\t\t\t\t\t\t\t\t\t\t\t\t\t<\/div>\n\t\t\t\t<div class=\"elementor-element elementor-element-1edc0d6 elementor-widget elementor-widget-text-editor\" data-id=\"1edc0d6\" data-element_type=\"widget\" data-widget_type=\"text-editor.default\">\n\t\t\t\t\t\t\t\t\t<ul>\n<li>Una <b>\u010cELEBI\u0106<\/b><\/li><li>Omer <b>SELIMOVI\u0106<\/b><\/li><li>Faris <b>AVDI\u0106<\/b><\/li><li>Olivia <b>LONDON<\/b><\/li><li>Jahja <b>SILAJD\u017dI\u0106<\/b><\/li><li>Dunja <b>PRELI\u0106<\/b><\/li><li>Emrah <b>SARA\u010c<\/b><\/li>\n<\/ul>\t\t\t\t\t\t\t\t<\/div>\n\t\t\t\t\t<\/div>\n\t\t\t\t<\/div>\n\t\t\t\t<\/div>\n\t\t","protected":false},"excerpt":{"rendered":"<p>Una \u010cELEBI\u0106 Omer SELIMOVI\u0106 Faris AVDI\u0106 Olivia LONDON Jahja SILAJD\u017dI\u0106 Dunja PRELI\u0106 Emrah SARA\u010c<\/p>\n","protected":false},"author":1,"featured_media":0,"parent":0,"menu_order":0,"comment_status":"closed","ping_status":"closed","template":"","meta":{"footnotes":""},"class_list":["post-629","page","type-page","status-publish","hentry"],"_links":{"self":[{"href":"https:\/\/vukovi.ba\/index.php?rest_route=\/wp\/v2\/pages\/629","targetHints":{"allow":["GET"]}}],"collection":[{"href":"https:\/\/vukovi.ba\/index.php?rest_route=\/wp\/v2\/pages"}],"about":[{"href":"https:\/\/vukovi.ba\/index.php?rest_route=\/wp\/v2\/types\/page"}],"author":[{"embeddable":true,"href":"https:\/\/vukovi.ba\/index.php?rest_route=\/wp\/v2\/users\/1"}],"replies":[{"embeddable":true,"href":"https:\/\/vukovi.ba\/index.php?rest_route=%2Fwp%2Fv2%2Fcomments&post=629"}],"version-history":[{"count":6,"href":"https:\/\/vukovi.ba\/index.php?rest_route=\/wp\/v2\/pages\/629\/revisions"}],"predecessor-version":[{"id":677,"href":"https:\/\/vukovi.ba\/index.php?rest_route=\/wp\/v2\/pages\/629\/revisions\/677"}],"wp:attachment":[{"href":"https:\/\/vukovi.ba\/index.php?rest_route=%2Fwp%2Fv2%2Fmedia&parent=629"}],"curies":[{"name":"wp","href":"https:\/\/api.w.org\/{rel}","templated":true}]}}