{"id":622,"date":"2024-09-09T17:00:40","date_gmt":"2024-09-09T17:00:40","guid":{"rendered":"https:\/\/vukovi.ba\/?page_id=622"},"modified":"2024-09-19T10:20:49","modified_gmt":"2024-09-19T10:20:49","slug":"u10","status":"publish","type":"page","link":"https:\/\/vukovi.ba\/?page_id=622","title":{"rendered":"U10"},"content":{"rendered":"\t\t<div data-elementor-type=\"wp-page\" data-elementor-id=\"622\" class=\"elementor elementor-622\" data-elementor-post-type=\"page\">\n\t\t\t\t<div data-particle_enable=\"false\" data-particle-mobile-disabled=\"false\" class=\"elementor-element elementor-element-e49dee2 e-grid e-con-boxed e-con e-parent\" data-id=\"e49dee2\" data-element_type=\"container\">\n\t\t\t\t\t<div class=\"e-con-inner\">\n\t\t\t\t<div class=\"elementor-element elementor-element-50c8ce6 elementor-widget elementor-widget-heading\" data-id=\"50c8ce6\" data-element_type=\"widget\" data-widget_type=\"heading.default\">\n\t\t\t\t\t<h1 class=\"elementor-heading-title elementor-size-default\">U10<\/h1>\t\t\t\t<\/div>\n\t\t\t\t\t<\/div>\n\t\t\t\t<\/div>\n\t\t<div data-particle_enable=\"false\" data-particle-mobile-disabled=\"false\" class=\"elementor-element elementor-element-93f208c e-grid e-con-boxed e-con e-parent\" data-id=\"93f208c\" data-element_type=\"container\">\n\t\t\t\t\t<div class=\"e-con-inner\">\n\t\t\t\t<div class=\"elementor-element elementor-element-ec47999 elementor-widget elementor-widget-image\" data-id=\"ec47999\" data-element_type=\"widget\" data-widget_type=\"image.default\">\n\t\t\t\t\t\t\t\t\t\t\t\t\t\t\t<img fetchpriority=\"high\" decoding=\"async\" width=\"640\" height=\"471\" src=\"https:\/\/vukovi.ba\/wp-content\/uploads\/2024\/09\/640px-PortageLakeHC1904.jpg\" class=\"attachment-large size-large wp-image-611\" alt=\"\" srcset=\"https:\/\/vukovi.ba\/wp-content\/uploads\/2024\/09\/640px-PortageLakeHC1904.jpg 640w, https:\/\/vukovi.ba\/wp-content\/uploads\/2024\/09\/640px-PortageLakeHC1904-300x221.jpg 300w\" sizes=\"(max-width: 640px) 100vw, 640px\" \/>\t\t\t\t\t\t\t\t\t\t\t\t\t\t\t<\/div>\n\t\t\t\t<div class=\"elementor-element elementor-element-1edc0d6 elementor-widget elementor-widget-text-editor\" data-id=\"1edc0d6\" data-element_type=\"widget\" data-widget_type=\"text-editor.default\">\n\t\t\t\t\t\t\t\t\t<p>Farian <b>BERKOVAC<\/b><\/p><p>Hasan <b>PRELI\u0106<\/b><\/p><p>Iman <b>AVDI\u0106<\/b><\/p><p>Irfan <b>\u0106UR\u010cI\u0106<\/b><\/p><p>Omar <b>RAMADANOVI\u0106<\/b><\/p><p>Mateo <b>ORPHAL<\/b><\/p><p>Emir <b>\u010cELEBI\u0106<\/b><\/p><p>Timur <b>BAJGORI\u0106<\/b><\/p>\t\t\t\t\t\t\t\t<\/div>\n\t\t\t\t\t<\/div>\n\t\t\t\t<\/div>\n\t\t\t\t<\/div>\n\t\t","protected":false},"excerpt":{"rendered":"<p>Farian BERKOVAC Hasan PRELI\u0106 Iman AVDI\u0106 Irfan \u0106UR\u010cI\u0106 Omar RAMADANOVI\u0106 Mateo ORPHAL Emir \u010cELEBI\u0106 Timur BAJGORI\u0106<\/p>\n","protected":false},"author":1,"featured_media":0,"parent":0,"menu_order":0,"comment_status":"closed","ping_status":"closed","template":"","meta":{"footnotes":""},"class_list":["post-622","page","type-page","status-publish","hentry"],"_links":{"self":[{"href":"https:\/\/vukovi.ba\/index.php?rest_route=\/wp\/v2\/pages\/622","targetHints":{"allow":["GET"]}}],"collection":[{"href":"https:\/\/vukovi.ba\/index.php?rest_route=\/wp\/v2\/pages"}],"about":[{"href":"https:\/\/vukovi.ba\/index.php?rest_route=\/wp\/v2\/types\/page"}],"author":[{"embeddable":true,"href":"https:\/\/vukovi.ba\/index.php?rest_route=\/wp\/v2\/users\/1"}],"replies":[{"embeddable":true,"href":"https:\/\/vukovi.ba\/index.php?rest_route=%2Fwp%2Fv2%2Fcomments&post=622"}],"version-history":[{"count":15,"href":"https:\/\/vukovi.ba\/index.php?rest_route=\/wp\/v2\/pages\/622\/revisions"}],"predecessor-version":[{"id":810,"href":"https:\/\/vukovi.ba\/index.php?rest_route=\/wp\/v2\/pages\/622\/revisions\/810"}],"wp:attachment":[{"href":"https:\/\/vukovi.ba\/index.php?rest_route=%2Fwp%2Fv2%2Fmedia&parent=622"}],"curies":[{"name":"wp","href":"https:\/\/api.w.org\/{rel}","templated":true}]}}