{"id":550,"date":"2024-07-29T12:50:36","date_gmt":"2024-07-29T12:50:36","guid":{"rendered":"https:\/\/vukovi.ba\/?page_id=550"},"modified":"2024-09-26T20:52:03","modified_gmt":"2024-09-26T20:52:03","slug":"o-klubu","status":"publish","type":"page","link":"https:\/\/vukovi.ba\/?page_id=550","title":{"rendered":"O klubu"},"content":{"rendered":"\t\t<div data-elementor-type=\"wp-page\" data-elementor-id=\"550\" class=\"elementor elementor-550\" data-elementor-post-type=\"page\">\n\t\t\t\t<div data-particle_enable=\"false\" data-particle-mobile-disabled=\"false\" class=\"elementor-element elementor-element-fffc62b e-flex e-con-boxed e-con e-parent\" data-id=\"fffc62b\" data-element_type=\"container\">\n\t\t\t\t\t<div class=\"e-con-inner\">\n\t\t\t\t<div class=\"elementor-element elementor-element-120f6b8 elementor-widget elementor-widget-heading\" data-id=\"120f6b8\" data-element_type=\"widget\" data-widget_type=\"heading.default\">\n\t\t\t\t\t<h2 class=\"elementor-heading-title elementor-size-default\">Hokeja\u0161ki Klub Vukovi Sarajevo<\/h2>\t\t\t\t<\/div>\n\t\t\t\t<div class=\"elementor-element elementor-element-5a56402 elementor-widget elementor-widget-text-editor\" data-id=\"5a56402\" data-element_type=\"widget\" data-widget_type=\"text-editor.default\">\n\t\t\t\t\t\t\t\t\t<p>Hokeja\u0161ki klub Vukovi iz Sarajeva osnovan je 2001. godine s ciljem promicanja hokeja na ledu u Bosni i Hercegovini. Kroz godine, klub je postao simbol sportskog duha i zajedni\u0161tva, okupljaju\u0107i talentovane igra\u010de i strastvene navija\u010de.<\/p><p>Vukovi su stekli reputaciju kao jedan od vode\u0107ih hokeja\u0161kih klubova u regiji, redovito se natje\u010du\u0107i u doma\u0107im i me\u0111unarodnim ligama. Njihovi uspjesi na ledu rezultat su predanosti i truda, kako igra\u010da tako i trenerskog osoblja. Klub je ponosan na svoju bogatu tradiciju i brojne uspjehe, a posebno na razvoj mladih talenata koji predstavljaju budu\u0107nost hokeja.<\/p><p>Osim sportskih dostignu\u0107a, Vukovi aktivno sudjeluju u zajednici, organiziraju\u0107i razne doga\u0111aje i promocije hokeja, \u010dime doprinose popularizaciji ovog sporta. Kroz strast, timski rad i sportski duh, Vukovi nastavljaju inspirirati nove generacije hokeja\u0161a i ljubitelja sporta u Sarajevu i \u0161ire. Pridru\u017eite nam se na na\u0161em putu prema novim uspjesima!<\/p>\t\t\t\t\t\t\t\t<\/div>\n\t\t\t\t\t<\/div>\n\t\t\t\t<\/div>\n\t\t<div data-particle_enable=\"false\" data-particle-mobile-disabled=\"false\" class=\"elementor-element elementor-element-6c37d0a e-flex e-con-boxed e-con e-parent\" data-id=\"6c37d0a\" data-element_type=\"container\">\n\t\t\t\t\t<div class=\"e-con-inner\">\n\t\t\t\t<div class=\"elementor-element elementor-element-78ddb17 elementor-widget elementor-widget-image\" data-id=\"78ddb17\" data-element_type=\"widget\" data-widget_type=\"image.default\">\n\t\t\t\t\t\t\t\t\t\t\t\t\t\t\t<img fetchpriority=\"high\" decoding=\"async\" width=\"800\" height=\"168\" src=\"https:\/\/vukovi.ba\/wp-content\/uploads\/2024\/09\/icerinkvukovi-1024x215.jpg\" class=\"attachment-large size-large wp-image-992\" alt=\"\" srcset=\"https:\/\/vukovi.ba\/wp-content\/uploads\/2024\/09\/icerinkvukovi-1024x215.jpg 1024w, https:\/\/vukovi.ba\/wp-content\/uploads\/2024\/09\/icerinkvukovi-300x63.jpg 300w, https:\/\/vukovi.ba\/wp-content\/uploads\/2024\/09\/icerinkvukovi-768x161.jpg 768w, https:\/\/vukovi.ba\/wp-content\/uploads\/2024\/09\/icerinkvukovi-1536x323.jpg 1536w, https:\/\/vukovi.ba\/wp-content\/uploads\/2024\/09\/icerinkvukovi-2048x430.jpg 2048w\" sizes=\"(max-width: 800px) 100vw, 800px\" \/>\t\t\t\t\t\t\t\t\t\t\t\t\t\t\t<\/div>\n\t\t\t\t\t<\/div>\n\t\t\t\t<\/div>\n\t\t<div data-particle_enable=\"false\" data-particle-mobile-disabled=\"false\" class=\"elementor-element elementor-element-0d6bf91 e-flex e-con-boxed e-con e-parent\" data-id=\"0d6bf91\" data-element_type=\"container\">\n\t\t\t\t\t<div class=\"e-con-inner\">\n\t\t\t\t<div class=\"elementor-element elementor-element-a9350d3 elementor-arrows-position-inside elementor-pagination-position-outside elementor-widget elementor-widget-image-carousel\" data-id=\"a9350d3\" data-element_type=\"widget\" data-settings=\"{&quot;navigation&quot;:&quot;both&quot;,&quot;autoplay&quot;:&quot;yes&quot;,&quot;pause_on_hover&quot;:&quot;yes&quot;,&quot;pause_on_interaction&quot;:&quot;yes&quot;,&quot;autoplay_speed&quot;:5000,&quot;infinite&quot;:&quot;yes&quot;,&quot;speed&quot;:500}\" data-widget_type=\"image-carousel.default\">\n\t\t\t\t\t\t\t<div class=\"elementor-image-carousel-wrapper swiper\" role=\"region\" aria-roledescription=\"carousel\" aria-label=\"Image Carousel\" dir=\"ltr\">\n\t\t\t<div class=\"elementor-image-carousel swiper-wrapper\" aria-live=\"off\">\n\t\t\t\t\t\t\t\t<div class=\"swiper-slide\" role=\"group\" aria-roledescription=\"slide\" aria-label=\"1 of 5\"><figure class=\"swiper-slide-inner\"><img decoding=\"async\" class=\"swiper-slide-image\" src=\"https:\/\/vukovi.ba\/wp-content\/uploads\/2024\/09\/Vukovi-stari-1-700x700.jpg\" alt=\"Vukovi stari 1\" \/><\/figure><\/div><div class=\"swiper-slide\" role=\"group\" aria-roledescription=\"slide\" aria-label=\"2 of 5\"><figure class=\"swiper-slide-inner\"><img decoding=\"async\" class=\"swiper-slide-image\" src=\"https:\/\/vukovi.ba\/wp-content\/uploads\/2024\/09\/Vukovi-stari-2-700x700.jpg\" alt=\"Vukovi stari 2\" \/><\/figure><\/div><div class=\"swiper-slide\" role=\"group\" aria-roledescription=\"slide\" aria-label=\"3 of 5\"><figure class=\"swiper-slide-inner\"><img decoding=\"async\" class=\"swiper-slide-image\" src=\"https:\/\/vukovi.ba\/wp-content\/uploads\/2024\/09\/Vukovi-stari-3-700x700.jpg\" alt=\"Vukovi stari 3\" \/><\/figure><\/div><div class=\"swiper-slide\" role=\"group\" aria-roledescription=\"slide\" aria-label=\"4 of 5\"><figure class=\"swiper-slide-inner\"><img decoding=\"async\" class=\"swiper-slide-image\" src=\"https:\/\/vukovi.ba\/wp-content\/uploads\/2024\/09\/Vukovi-stari-4-700x700.jpg\" alt=\"Vukovi stari 4\" \/><\/figure><\/div><div class=\"swiper-slide\" role=\"group\" aria-roledescription=\"slide\" aria-label=\"5 of 5\"><figure class=\"swiper-slide-inner\"><img decoding=\"async\" class=\"swiper-slide-image\" src=\"https:\/\/vukovi.ba\/wp-content\/uploads\/2024\/09\/Vukovi-Stari-700x700.jpg\" alt=\"Vukovi Stari\" \/><\/figure><\/div>\t\t\t<\/div>\n\t\t\t\t\t\t\t\t\t\t\t\t<div class=\"elementor-swiper-button elementor-swiper-button-prev\" role=\"button\" tabindex=\"0\">\n\t\t\t\t\t\t<svg aria-hidden=\"true\" class=\"e-font-icon-svg e-eicon-chevron-left\" viewBox=\"0 0 1000 1000\" xmlns=\"http:\/\/www.w3.org\/2000\/svg\"><path d=\"M646 125C629 125 613 133 604 142L308 442C296 454 292 471 292 487 292 504 296 521 308 533L604 854C617 867 629 875 646 875 663 875 679 871 692 858 704 846 713 829 713 812 713 796 708 779 692 767L438 487 692 225C700 217 708 204 708 187 708 171 704 154 692 142 675 129 663 125 646 125Z\"><\/path><\/svg>\t\t\t\t\t<\/div>\n\t\t\t\t\t<div class=\"elementor-swiper-button elementor-swiper-button-next\" role=\"button\" tabindex=\"0\">\n\t\t\t\t\t\t<svg aria-hidden=\"true\" class=\"e-font-icon-svg e-eicon-chevron-right\" viewBox=\"0 0 1000 1000\" xmlns=\"http:\/\/www.w3.org\/2000\/svg\"><path d=\"M696 533C708 521 713 504 713 487 713 471 708 454 696 446L400 146C388 133 375 125 354 125 338 125 325 129 313 142 300 154 292 171 292 187 292 204 296 221 308 233L563 492 304 771C292 783 288 800 288 817 288 833 296 850 308 863 321 871 338 875 354 875 371 875 388 867 400 854L696 533Z\"><\/path><\/svg>\t\t\t\t\t<\/div>\n\t\t\t\t\n\t\t\t\t\t\t\t\t\t<div class=\"swiper-pagination\"><\/div>\n\t\t\t\t\t\t\t\t\t<\/div>\n\t\t\t\t\t\t<\/div>\n\t\t\t\t\t<\/div>\n\t\t\t\t<\/div>\n\t\t\t\t<\/div>\n\t\t","protected":false},"excerpt":{"rendered":"<p>Hokeja\u0161ki Klub Vukovi Sarajevo Hokeja\u0161ki klub Vukovi iz Sarajeva osnovan je 2001. godine s ciljem promicanja hokeja na ledu u Bosni i Hercegovini. Kroz godine, klub je postao simbol sportskog duha i zajedni\u0161tva, okupljaju\u0107i talentovane igra\u010de i strastvene navija\u010de. Vukovi su stekli reputaciju kao jedan od vode\u0107ih hokeja\u0161kih klubova u regiji, redovito se natje\u010du\u0107i u [&hellip;]<\/p>\n","protected":false},"author":1,"featured_media":0,"parent":0,"menu_order":0,"comment_status":"closed","ping_status":"closed","template":"","meta":{"footnotes":""},"class_list":["post-550","page","type-page","status-publish","hentry"],"_links":{"self":[{"href":"https:\/\/vukovi.ba\/index.php?rest_route=\/wp\/v2\/pages\/550","targetHints":{"allow":["GET"]}}],"collection":[{"href":"https:\/\/vukovi.ba\/index.php?rest_route=\/wp\/v2\/pages"}],"about":[{"href":"https:\/\/vukovi.ba\/index.php?rest_route=\/wp\/v2\/types\/page"}],"author":[{"embeddable":true,"href":"https:\/\/vukovi.ba\/index.php?rest_route=\/wp\/v2\/users\/1"}],"replies":[{"embeddable":true,"href":"https:\/\/vukovi.ba\/index.php?rest_route=%2Fwp%2Fv2%2Fcomments&post=550"}],"version-history":[{"count":10,"href":"https:\/\/vukovi.ba\/index.php?rest_route=\/wp\/v2\/pages\/550\/revisions"}],"predecessor-version":[{"id":998,"href":"https:\/\/vukovi.ba\/index.php?rest_route=\/wp\/v2\/pages\/550\/revisions\/998"}],"wp:attachment":[{"href":"https:\/\/vukovi.ba\/index.php?rest_route=%2Fwp%2Fv2%2Fmedia&parent=550"}],"curies":[{"name":"wp","href":"https:\/\/api.w.org\/{rel}","templated":true}]}}